{"id":25,"date":"2025-05-29T13:33:05","date_gmt":"2025-05-29T11:33:05","guid":{"rendered":"https:\/\/klausch.net\/wordpress\/?page_id=25"},"modified":"2025-06-01T13:36:00","modified_gmt":"2025-06-01T11:36:00","slug":"datenschutz","status":"publish","type":"page","link":"https:\/\/gesetzgebungsportal.de\/index.php\/datenschutz\/","title":{"rendered":"Datenschutzerkl\u00e4rung Webseite"},"content":{"rendered":"\t\t<div data-elementor-type=\"wp-page\" data-elementor-id=\"25\" class=\"elementor elementor-25\">\n\t\t\t\t<div class=\"elementor-element elementor-element-9e8b96f e-flex e-con-boxed e-con e-parent\" data-id=\"9e8b96f\" data-element_type=\"container\">\n\t\t\t\t\t<div class=\"e-con-inner\">\n\t\t\t\t<div class=\"elementor-element elementor-element-7a28dc8 elementor-widget elementor-widget-heading\" data-id=\"7a28dc8\" data-element_type=\"widget\" data-widget_type=\"heading.default\">\n\t\t\t\t<div class=\"elementor-widget-container\">\n\t\t\t\t\t<h4 class=\"elementor-heading-title elementor-size-default\">Geltungsbereich und Umgang mit personenbezogenen Daten<\/h4>\t\t\t\t<\/div>\n\t\t\t\t<\/div>\n\t\t\t\t<div class=\"elementor-element elementor-element-5821fc8 elementor-widget elementor-widget-text-editor\" data-id=\"5821fc8\" data-element_type=\"widget\" data-widget_type=\"text-editor.default\">\n\t\t\t\t<div class=\"elementor-widget-container\">\n\t\t\t\t\t\t\t\t\t<p>Diese Datenschutzerkl\u00e4rung informiert Nutzer \u00fcber die Verarbeitung personenbezogener Daten bei der Nutzung dieser Website. Die gesetzlichen Regelungen zum Datenschutz gehen aus der europ\u00e4ischen Datenschutzgrundverordnung hervor. Das Bundesdatenschutzgesetz (BDSG) und das Telemediengesetz (TMG) gelten erg\u00e4nzend.<\/p><p>Verantwortlich f\u00fcr diese Website ist folgender Anbieter:<\/p><p>Klausch AutoPublish GbR<br \/>Am Rosengarten 91<br \/>50827 K\u00f6ln<br \/>+49(0)221 9532000<br \/>info@autopublish.de<\/p>\t\t\t\t\t\t\t\t<\/div>\n\t\t\t\t<\/div>\n\t\t\t\t\t<\/div>\n\t\t\t\t<\/div>\n\t\t<div class=\"elementor-element elementor-element-e100375 e-con-full e-flex e-con e-parent\" data-id=\"e100375\" data-element_type=\"container\">\n\t\t\t\t<div class=\"elementor-element elementor-element-fbab54a elementor-widget elementor-widget-heading\" data-id=\"fbab54a\" data-element_type=\"widget\" data-widget_type=\"heading.default\">\n\t\t\t\t<div class=\"elementor-widget-container\">\n\t\t\t\t\t<h4 class=\"elementor-heading-title elementor-size-default\">Personenbezogene Daten<\/h4>\t\t\t\t<\/div>\n\t\t\t\t<\/div>\n\t\t\t\t<div class=\"elementor-element elementor-element-8f572f7 elementor-widget elementor-widget-text-editor\" data-id=\"8f572f7\" data-element_type=\"widget\" data-widget_type=\"text-editor.default\">\n\t\t\t\t<div class=\"elementor-widget-container\">\n\t\t\t\t\t\t\t\t\t<p>Zu den personenbezogenen Daten z\u00e4hlen alle Informationen, die sich auf eine nat\u00fcrliche Person beziehen. Dabei kann es sich zum Beispiel um den Namen, eine Anschrift, ein Geburtsdatum oder eine E-Mail-Adresse handeln. Diese Informationen werden nur gem\u00e4\u00df der gesetzlichen Datenschutzbestimmungen auf der Website erhoben und verarbeitet.<\/p>\t\t\t\t\t\t\t\t<\/div>\n\t\t\t\t<\/div>\n\t\t\t\t<\/div>\n\t\t<div class=\"elementor-element elementor-element-bf4c813 e-con-full e-flex e-con e-parent\" data-id=\"bf4c813\" data-element_type=\"container\">\n\t\t\t\t<div class=\"elementor-element elementor-element-9c14cf3 elementor-widget elementor-widget-heading\" data-id=\"9c14cf3\" data-element_type=\"widget\" data-widget_type=\"heading.default\">\n\t\t\t\t<div class=\"elementor-widget-container\">\n\t\t\t\t\t<h4 class=\"elementor-heading-title elementor-size-default\">Zugriffsdaten<\/h4>\t\t\t\t<\/div>\n\t\t\t\t<\/div>\n\t\t\t\t<div class=\"elementor-element elementor-element-1d6e8b6 elementor-widget elementor-widget-text-editor\" data-id=\"1d6e8b6\" data-element_type=\"widget\" data-widget_type=\"text-editor.default\">\n\t\t\t\t<div class=\"elementor-widget-container\">\n\t\t\t\t\t\t\t\t\t<p>Nutzen Sie diese Website, um sich zu informieren und geben keine Daten an, dann werden nur die Daten verarbeitet, die zur Anzeige der Website auf dem von Ihnen verwendeten Ger\u00e4t erforderlich sind. Das sind insbesondere:<\/p>\t\t\t\t\t\t\t\t<\/div>\n\t\t\t\t<\/div>\n\t\t\t\t<div class=\"elementor-element elementor-element-c1e3e6b elementor-widget elementor-widget-text-editor\" data-id=\"c1e3e6b\" data-element_type=\"widget\" data-widget_type=\"text-editor.default\">\n\t\t\t\t<div class=\"elementor-widget-container\">\n\t\t\t\t\t\t\t\t\t<ul><li style=\"list-style-type: none;\"><ul><li>IP-Adresse<\/li><li>Zeitpunkt der Anfrage<\/li><li>\u00dcbertragene Datenmenge<\/li><li>Quellseite<\/li><li>verwendeter Browser<\/li><li>Betriebssystem<\/li><\/ul><\/li><\/ul>\t\t\t\t\t\t\t\t<\/div>\n\t\t\t\t<\/div>\n\t\t\t\t<div class=\"elementor-element elementor-element-7deb86a elementor-widget elementor-widget-text-editor\" data-id=\"7deb86a\" data-element_type=\"widget\" data-widget_type=\"text-editor.default\">\n\t\t\t\t<div class=\"elementor-widget-container\">\n\t\t\t\t\t\t\t\t\t<p>Rechtsgrundlage f\u00fcr die Verarbeitung dieser Daten sind berechtigte Interessen gem\u00e4\u00df Art. 6 Abs. 1 UAbs. 1 Buchstabe f DSGVO, um die Darstellung der Website grunds\u00e4tzlich zu erm\u00f6glichen.<\/p><p>Dar\u00fcber hinaus k\u00f6nnen Sie verschiedene Leistungen auf der Website nutzen, bei der weitere personenbezogene und nicht personenbezogene Daten verarbeitet werden.<\/p><p>Als betroffene Person haben Sie folgende Rechte:<\/p>\t\t\t\t\t\t\t\t<\/div>\n\t\t\t\t<\/div>\n\t\t\t\t<div class=\"elementor-element elementor-element-ba43a12 elementor-widget elementor-widget-text-editor\" data-id=\"ba43a12\" data-element_type=\"widget\" data-widget_type=\"text-editor.default\">\n\t\t\t\t<div class=\"elementor-widget-container\">\n\t\t\t\t\t\t\t\t\t<ul><li style=\"list-style-type: none;\"><ul><li>Recht auf Berichtigung der Sie betreffenden Daten, wenn diese unrichtig oder unvollst\u00e4ndig gespeichert werden (Art. 16 DSGVO)<\/li><li>Recht auf L\u00f6schung (Art. 17 DSGVO)<\/li><li>Recht, die Einschr\u00e4nkung der Verarbeitung Ihrer personenbezogenen Daten zu verlangen (Art. 18 DSGVO)<\/li><li>Recht auf Daten\u00fcbertragbarkeit (Art. 20 DSGVO)<\/li><li>Widerspruchsrecht gegen die Verarbeitung Sie betreffender personenbezogener Daten (Art. 21 DSGVO)<\/li><li>Recht nicht einer ausschlie\u00dflich auf einer automatisierten Verarbeitung beruhenden Entscheidung unterworfen zu werden, die Ihnen gegen\u00fcber rechtliche Wirkung entfaltet oder sie in \u00e4hnlicher Weise erheblich beeintr\u00e4chtigt (Art. 22 DSGVO)<\/li><li>Recht, sich bei einem vermuteten Versto\u00df gegen das Datenschutzrecht bei der zust\u00e4ndigen Aufsichtsbeh\u00f6rde zu beschweren (Art. 77 DSGVO)<\/li><\/ul><\/li><\/ul>\t\t\t\t\t\t\t\t<\/div>\n\t\t\t\t<\/div>\n\t\t\t\t<\/div>\n\t\t<div class=\"elementor-element elementor-element-003fd11 e-flex e-con-boxed e-con e-parent\" data-id=\"003fd11\" data-element_type=\"container\">\n\t\t\t\t\t<div class=\"e-con-inner\">\n\t\t\t\t<div class=\"elementor-element elementor-element-1f6c019 elementor-widget elementor-widget-heading\" data-id=\"1f6c019\" data-element_type=\"widget\" data-widget_type=\"heading.default\">\n\t\t\t\t<div class=\"elementor-widget-container\">\n\t\t\t\t\t<h4 class=\"elementor-heading-title elementor-size-default\">Weitergabe von Daten an Dritte<\/h4>\t\t\t\t<\/div>\n\t\t\t\t<\/div>\n\t\t\t\t<div class=\"elementor-element elementor-element-254b2c0 elementor-widget elementor-widget-text-editor\" data-id=\"254b2c0\" data-element_type=\"widget\" data-widget_type=\"text-editor.default\">\n\t\t\t\t<div class=\"elementor-widget-container\">\n\t\t\t\t\t\t\t\t\t<p>Grunds\u00e4tzlich werden Ihre Daten von uns nicht an Dritte vermittelt oder weitergegeben. Au\u00dferdem stellen wir durch entsprechende Ma\u00dfnahmen und regelm\u00e4\u00dfige Kontrollen sicher, dass die von uns erhobenen Daten nicht durch Dritte von au\u00dfen eingesehen oder abgegriffen werden k\u00f6nnen.<\/p>\t\t\t\t\t\t\t\t<\/div>\n\t\t\t\t<\/div>\n\t\t\t\t\t<\/div>\n\t\t\t\t<\/div>\n\t\t<div class=\"elementor-element elementor-element-178cf0c e-flex e-con-boxed e-con e-parent\" data-id=\"178cf0c\" data-element_type=\"container\">\n\t\t\t\t\t<div class=\"e-con-inner\">\n\t\t\t\t<div class=\"elementor-element elementor-element-cce17dd elementor-widget elementor-widget-heading\" data-id=\"cce17dd\" data-element_type=\"widget\" data-widget_type=\"heading.default\">\n\t\t\t\t<div class=\"elementor-widget-container\">\n\t\t\t\t\t<h4 class=\"elementor-heading-title elementor-size-default\">Cookies<\/h4>\t\t\t\t<\/div>\n\t\t\t\t<\/div>\n\t\t\t\t<div class=\"elementor-element elementor-element-6bcf253 elementor-widget elementor-widget-text-editor\" data-id=\"6bcf253\" data-element_type=\"widget\" data-widget_type=\"text-editor.default\">\n\t\t\t\t<div class=\"elementor-widget-container\">\n\t\t\t\t\t\t\t\t\t<p>Beim Besuch der Website k\u00f6nnen Cookies auf Ihrem Ger\u00e4t gespeichert werden. Dabei handelt es sich um kleine Textdateien, die von dem von Ihnen verwendeten Browser gespeichert werden. Cookies dienen dazu, das Internetangebot benutzerfreundlicher zu machen. Mithilfe von Cookies kann beispielsweise das Ger\u00e4t, mit dem diese Website aufgerufen wurde, bei einem erneuten Aufruf erkannt werden. M\u00f6glich ist dies, weil Cookies die IP-Adresse \u00fcbermitteln.<\/p><p>Das Setzen von Cookies k\u00f6nnen Sie durch Einstellungen im Browser einschr\u00e4nken oder verhindern. Das Blockieren kann unter Umst\u00e4nden jedoch dazu f\u00fchren, dass nicht mehr alle Funktionen dieser Website nutzbar sind.<\/p>\t\t\t\t\t\t\t\t<\/div>\n\t\t\t\t<\/div>\n\t\t\t\t\t<\/div>\n\t\t\t\t<\/div>\n\t\t\t\t<\/div>\n\t\t","protected":false},"excerpt":{"rendered":"<p>Geltungsbereich und Umgang mit personenbezogenen Daten Diese Datenschutzerkl\u00e4rung informiert Nutzer \u00fcber die Verarbeitung personenbezogener Daten bei der Nutzung dieser Website. Die gesetzlichen Regelungen zum Datenschutz gehen aus der europ\u00e4ischen Datenschutzgrundverordnung hervor. Das Bundesdatenschutzgesetz (BDSG) und das Telemediengesetz (TMG) gelten erg\u00e4nzend. Verantwortlich f\u00fcr diese Website ist folgender Anbieter: Klausch AutoPublish GbRAm Rosengarten 9150827 K\u00f6ln+49(0)221 9532000info@autopublish.de Personenbezogene &hellip; <\/p>\n<p class=\"link-more\"><a href=\"https:\/\/gesetzgebungsportal.de\/index.php\/datenschutz\/\" class=\"more-link\"><span class=\"screen-reader-text\">\u201eDatenschutzerkl\u00e4rung Webseite\u201c<\/span> weiterlesen<\/a><\/p>\n","protected":false},"author":1,"featured_media":0,"parent":0,"menu_order":0,"comment_status":"closed","ping_status":"closed","template":"","meta":{"footnotes":""},"class_list":["post-25","page","type-page","status-publish","hentry"],"yoast_head":"<!-- This site is optimized with the Yoast SEO plugin v25.6 - https:\/\/yoast.com\/wordpress\/plugins\/seo\/ -->\n<title>apLex Gesetzgebung Bundestag Gesetzgebungsportal %<\/title>\n<meta name=\"description\" content=\"apLex erm\u00f6glicht den Vergleich von konsolidierten Normen eines Gesetzentwurfes des deutschen Bundestags oder Bundesrates mit dem geltenden Recht im aktuellen Gesetzgebungsverfahren.\" \/>\n<meta name=\"robots\" content=\"noindex, follow, max-snippet:-1, max-image-preview:large, max-video-preview:-1\" \/>\n<meta property=\"og:locale\" content=\"de_DE\" \/>\n<meta property=\"og:type\" content=\"article\" \/>\n<meta property=\"og:title\" content=\"apLex Gesetzgebung Bundestag Gesetzgebungsportal %\" \/>\n<meta property=\"og:description\" content=\"apLex erm\u00f6glicht den Vergleich von konsolidierten Normen eines Gesetzentwurfes des deutschen Bundestags oder Bundesrates mit dem geltenden Recht im aktuellen Gesetzgebungsverfahren.\" \/>\n<meta property=\"og:url\" content=\"https:\/\/gesetzgebungsportal.de\/index.php\/datenschutz\/\" \/>\n<meta property=\"og:site_name\" content=\"Gesetzgebungsportal\" \/>\n<meta property=\"article:modified_time\" content=\"2025-06-01T11:36:00+00:00\" \/>\n<meta name=\"twitter:card\" content=\"summary_large_image\" \/>\n<meta name=\"twitter:label1\" content=\"Gesch\u00e4tzte Lesezeit\" \/>\n\t<meta name=\"twitter:data1\" content=\"2\u00a0Minuten\" \/>\n<script type=\"application\/ld+json\" class=\"yoast-schema-graph\">{\"@context\":\"https:\/\/schema.org\",\"@graph\":[{\"@type\":\"WebPage\",\"@id\":\"https:\/\/gesetzgebungsportal.de\/index.php\/datenschutz\/\",\"url\":\"https:\/\/gesetzgebungsportal.de\/index.php\/datenschutz\/\",\"name\":\"apLex Gesetzgebung Bundestag Gesetzgebungsportal %\",\"isPartOf\":{\"@id\":\"https:\/\/gesetzgebungsportal.de\/#website\"},\"datePublished\":\"2025-05-29T11:33:05+00:00\",\"dateModified\":\"2025-06-01T11:36:00+00:00\",\"description\":\"apLex erm\u00f6glicht den Vergleich von konsolidierten Normen eines Gesetzentwurfes des deutschen Bundestags oder Bundesrates mit dem geltenden Recht im aktuellen Gesetzgebungsverfahren.\",\"breadcrumb\":{\"@id\":\"https:\/\/gesetzgebungsportal.de\/index.php\/datenschutz\/#breadcrumb\"},\"inLanguage\":\"de\",\"potentialAction\":[{\"@type\":\"ReadAction\",\"target\":[\"https:\/\/gesetzgebungsportal.de\/index.php\/datenschutz\/\"]}]},{\"@type\":\"BreadcrumbList\",\"@id\":\"https:\/\/gesetzgebungsportal.de\/index.php\/datenschutz\/#breadcrumb\",\"itemListElement\":[{\"@type\":\"ListItem\",\"position\":1,\"name\":\"Startseite\",\"item\":\"https:\/\/gesetzgebungsportal.de\/\"},{\"@type\":\"ListItem\",\"position\":2,\"name\":\"Datenschutzerkl\u00e4rung Webseite\"}]},{\"@type\":\"WebSite\",\"@id\":\"https:\/\/gesetzgebungsportal.de\/#website\",\"url\":\"https:\/\/gesetzgebungsportal.de\/\",\"name\":\"apLex Gesetzgebungsportal f\u00fcr transparente Gesetzgebungsvorhaben\",\"description\":\"apLex - Transparenz bei Gesetzgebungsvorhaben des Bundestages und Bundesrates\",\"publisher\":{\"@id\":\"https:\/\/gesetzgebungsportal.de\/#organization\"},\"potentialAction\":[{\"@type\":\"SearchAction\",\"target\":{\"@type\":\"EntryPoint\",\"urlTemplate\":\"https:\/\/gesetzgebungsportal.de\/?s={search_term_string}\"},\"query-input\":{\"@type\":\"PropertyValueSpecification\",\"valueRequired\":true,\"valueName\":\"search_term_string\"}}],\"inLanguage\":\"de\"},{\"@type\":\"Organization\",\"@id\":\"https:\/\/gesetzgebungsportal.de\/#organization\",\"name\":\"Klausch AutoPublish GbR\",\"alternateName\":\"AutoPublish\",\"url\":\"https:\/\/gesetzgebungsportal.de\/\",\"logo\":{\"@type\":\"ImageObject\",\"inLanguage\":\"de\",\"@id\":\"https:\/\/gesetzgebungsportal.de\/#\/schema\/logo\/image\/\",\"url\":\"https:\/\/gesetzgebungsportal.de\/wordpress\/wp-content\/uploads\/2025\/05\/apLex_1024.png\",\"contentUrl\":\"https:\/\/gesetzgebungsportal.de\/wordpress\/wp-content\/uploads\/2025\/05\/apLex_1024.png\",\"width\":1024,\"height\":1024,\"caption\":\"Klausch AutoPublish GbR\"},\"image\":{\"@id\":\"https:\/\/gesetzgebungsportal.de\/#\/schema\/logo\/image\/\"}}]}<\/script>\n<!-- \/ Yoast SEO plugin. -->","yoast_head_json":{"title":"apLex Gesetzgebung Bundestag Gesetzgebungsportal %","description":"apLex erm\u00f6glicht den Vergleich von konsolidierten Normen eines Gesetzentwurfes des deutschen Bundestags oder Bundesrates mit dem geltenden Recht im aktuellen Gesetzgebungsverfahren.","robots":{"index":"noindex","follow":"follow","max-snippet":"max-snippet:-1","max-image-preview":"max-image-preview:large","max-video-preview":"max-video-preview:-1"},"og_locale":"de_DE","og_type":"article","og_title":"apLex Gesetzgebung Bundestag Gesetzgebungsportal %","og_description":"apLex erm\u00f6glicht den Vergleich von konsolidierten Normen eines Gesetzentwurfes des deutschen Bundestags oder Bundesrates mit dem geltenden Recht im aktuellen Gesetzgebungsverfahren.","og_url":"https:\/\/gesetzgebungsportal.de\/index.php\/datenschutz\/","og_site_name":"Gesetzgebungsportal","article_modified_time":"2025-06-01T11:36:00+00:00","twitter_card":"summary_large_image","twitter_misc":{"Gesch\u00e4tzte Lesezeit":"2\u00a0Minuten"},"schema":{"@context":"https:\/\/schema.org","@graph":[{"@type":"WebPage","@id":"https:\/\/gesetzgebungsportal.de\/index.php\/datenschutz\/","url":"https:\/\/gesetzgebungsportal.de\/index.php\/datenschutz\/","name":"apLex Gesetzgebung Bundestag Gesetzgebungsportal %","isPartOf":{"@id":"https:\/\/gesetzgebungsportal.de\/#website"},"datePublished":"2025-05-29T11:33:05+00:00","dateModified":"2025-06-01T11:36:00+00:00","description":"apLex erm\u00f6glicht den Vergleich von konsolidierten Normen eines Gesetzentwurfes des deutschen Bundestags oder Bundesrates mit dem geltenden Recht im aktuellen Gesetzgebungsverfahren.","breadcrumb":{"@id":"https:\/\/gesetzgebungsportal.de\/index.php\/datenschutz\/#breadcrumb"},"inLanguage":"de","potentialAction":[{"@type":"ReadAction","target":["https:\/\/gesetzgebungsportal.de\/index.php\/datenschutz\/"]}]},{"@type":"BreadcrumbList","@id":"https:\/\/gesetzgebungsportal.de\/index.php\/datenschutz\/#breadcrumb","itemListElement":[{"@type":"ListItem","position":1,"name":"Startseite","item":"https:\/\/gesetzgebungsportal.de\/"},{"@type":"ListItem","position":2,"name":"Datenschutzerkl\u00e4rung Webseite"}]},{"@type":"WebSite","@id":"https:\/\/gesetzgebungsportal.de\/#website","url":"https:\/\/gesetzgebungsportal.de\/","name":"apLex Gesetzgebungsportal f\u00fcr transparente Gesetzgebungsvorhaben","description":"apLex - Transparenz bei Gesetzgebungsvorhaben des Bundestages und Bundesrates","publisher":{"@id":"https:\/\/gesetzgebungsportal.de\/#organization"},"potentialAction":[{"@type":"SearchAction","target":{"@type":"EntryPoint","urlTemplate":"https:\/\/gesetzgebungsportal.de\/?s={search_term_string}"},"query-input":{"@type":"PropertyValueSpecification","valueRequired":true,"valueName":"search_term_string"}}],"inLanguage":"de"},{"@type":"Organization","@id":"https:\/\/gesetzgebungsportal.de\/#organization","name":"Klausch AutoPublish GbR","alternateName":"AutoPublish","url":"https:\/\/gesetzgebungsportal.de\/","logo":{"@type":"ImageObject","inLanguage":"de","@id":"https:\/\/gesetzgebungsportal.de\/#\/schema\/logo\/image\/","url":"https:\/\/gesetzgebungsportal.de\/wordpress\/wp-content\/uploads\/2025\/05\/apLex_1024.png","contentUrl":"https:\/\/gesetzgebungsportal.de\/wordpress\/wp-content\/uploads\/2025\/05\/apLex_1024.png","width":1024,"height":1024,"caption":"Klausch AutoPublish GbR"},"image":{"@id":"https:\/\/gesetzgebungsportal.de\/#\/schema\/logo\/image\/"}}]}},"_links":{"self":[{"href":"https:\/\/gesetzgebungsportal.de\/index.php\/wp-json\/wp\/v2\/pages\/25","targetHints":{"allow":["GET"]}}],"collection":[{"href":"https:\/\/gesetzgebungsportal.de\/index.php\/wp-json\/wp\/v2\/pages"}],"about":[{"href":"https:\/\/gesetzgebungsportal.de\/index.php\/wp-json\/wp\/v2\/types\/page"}],"author":[{"embeddable":true,"href":"https:\/\/gesetzgebungsportal.de\/index.php\/wp-json\/wp\/v2\/users\/1"}],"replies":[{"embeddable":true,"href":"https:\/\/gesetzgebungsportal.de\/index.php\/wp-json\/wp\/v2\/comments?post=25"}],"version-history":[{"count":1,"href":"https:\/\/gesetzgebungsportal.de\/index.php\/wp-json\/wp\/v2\/pages\/25\/revisions"}],"predecessor-version":[{"id":347,"href":"https:\/\/gesetzgebungsportal.de\/index.php\/wp-json\/wp\/v2\/pages\/25\/revisions\/347"}],"wp:attachment":[{"href":"https:\/\/gesetzgebungsportal.de\/index.php\/wp-json\/wp\/v2\/media?parent=25"}],"curies":[{"name":"wp","href":"https:\/\/api.w.org\/{rel}","templated":true}]}}