{"id":17,"date":"2025-05-29T13:30:15","date_gmt":"2025-05-29T11:30:15","guid":{"rendered":"https:\/\/klausch.net\/wordpress\/?page_id=17"},"modified":"2026-01-05T15:06:07","modified_gmt":"2026-01-05T14:06:07","slug":"aplex","status":"publish","type":"page","link":"https:\/\/gesetzgebungsportal.de\/","title":{"rendered":"apLex"},"content":{"rendered":"\t\t<div data-elementor-type=\"wp-page\" data-elementor-id=\"17\" class=\"elementor elementor-17\">\n\t\t\t\t<div class=\"elementor-element elementor-element-6c457cb e-flex e-con-boxed e-con e-parent\" data-id=\"6c457cb\" data-element_type=\"container\">\n\t\t\t\t\t<div class=\"e-con-inner\">\n\t\t\t\t<div class=\"elementor-element elementor-element-6bad13c elementor-widget elementor-widget-heading\" data-id=\"6bad13c\" data-element_type=\"widget\" data-widget_type=\"heading.default\">\n\t\t\t\t<div class=\"elementor-widget-container\">\n\t\t\t\t\t<h3 class=\"elementor-heading-title elementor-size-default\">apLex - Transparente Gesetzgebungsvorhaben<\/h3>\t\t\t\t<\/div>\n\t\t\t\t<\/div>\n\t\t\t\t\t<\/div>\n\t\t\t\t<\/div>\n\t\t<div class=\"elementor-element elementor-element-0baf042 e-flex e-con-boxed e-con e-parent\" data-id=\"0baf042\" data-element_type=\"container\">\n\t\t\t\t\t<div class=\"e-con-inner\">\n\t\t\t\t<div class=\"elementor-element elementor-element-20dfd44 elementor-widget elementor-widget-text-editor\" data-id=\"20dfd44\" data-element_type=\"widget\" data-widget_type=\"text-editor.default\">\n\t\t\t\t<div class=\"elementor-widget-container\">\n\t\t\t\t\t\t\t\t\t<p>Sie wollen wissen wie sich ein Gesetzgebungsvorhaben des Bundes auf Ihr Business auswirkt? Daf\u00fcr m\u00fcssen die in dem Gesetzentwurf enthaltenen \u00c4nderungsanweisungen erst zeit- und kostenaufwendig konsolidiert werden.<\/p><p>Mit apLex haben wir einen Service entwickelt, der diese Arbeit f\u00fcr Sie \u00fcbernimmt. Alle in den Bundestag und Bundesrat eingebrachten Gesetzgebungsvorhaben werden fr\u00fchstm\u00f6glich ausgewertet und konsolidiert.<span class=\"Apple-converted-space\">\u00a0<\/span><\/p><p>Schwerpunkt der App ist die Gegen\u00fcberstellung von jeder einzelnen durch die beabsichtigte Gesetzes\u00e4nderung betroffene Norm und<span class=\"Apple-converted-space\">\u00a0 <\/span>der zu diesem Zeitpunkt g\u00fcltigen Version des geltenden Rechts.<\/p>\t\t\t\t\t\t\t\t<\/div>\n\t\t\t\t<\/div>\n\t\t\t\t\t<\/div>\n\t\t\t\t<\/div>\n\t\t\t\t<\/div>\n\t\t","protected":false},"excerpt":{"rendered":"<p>apLex &#8211; Transparente Gesetzgebungsvorhaben Sie wollen wissen wie sich ein Gesetzgebungsvorhaben des Bundes auf Ihr Business auswirkt? Daf\u00fcr m\u00fcssen die in dem Gesetzentwurf enthaltenen \u00c4nderungsanweisungen erst zeit- und kostenaufwendig konsolidiert werden. Mit apLex haben wir einen Service entwickelt, der diese Arbeit f\u00fcr Sie \u00fcbernimmt. Alle in den Bundestag und Bundesrat eingebrachten Gesetzgebungsvorhaben werden fr\u00fchstm\u00f6glich ausgewertet &hellip; <\/p>\n<p class=\"link-more\"><a href=\"https:\/\/gesetzgebungsportal.de\/\" class=\"more-link\"><span class=\"screen-reader-text\">\u201eapLex\u201c<\/span> weiterlesen<\/a><\/p>\n","protected":false},"author":1,"featured_media":0,"parent":0,"menu_order":0,"comment_status":"closed","ping_status":"closed","template":"","meta":{"footnotes":""},"class_list":["post-17","page","type-page","status-publish","hentry"],"yoast_head":"<!-- This site is optimized with the Yoast SEO plugin v25.6 - https:\/\/yoast.com\/wordpress\/plugins\/seo\/ -->\n<title>apLex Gesetzgebung Bundestag Gesetzgebungsportal %<\/title>\n<meta name=\"description\" content=\"apLex erm\u00f6glicht den Vergleich von konsolidierten Normen eines Gesetzentwurfes des deutschen Bundestags oder Bundesrates mit dem geltenden Recht im aktuellen Gesetzgebungsverfahren.\" \/>\n<meta name=\"robots\" content=\"noindex, follow, max-snippet:-1, max-image-preview:large, max-video-preview:-1\" \/>\n<meta property=\"og:locale\" content=\"de_DE\" \/>\n<meta property=\"og:type\" content=\"article\" \/>\n<meta property=\"og:title\" content=\"apLex Gesetzgebung Bundestag Gesetzgebungsportal %\" \/>\n<meta property=\"og:description\" content=\"apLex erm\u00f6glicht den Vergleich von konsolidierten Normen eines Gesetzentwurfes des deutschen Bundestags oder Bundesrates mit dem geltenden Recht im aktuellen Gesetzgebungsverfahren.\" \/>\n<meta property=\"og:url\" content=\"https:\/\/gesetzgebungsportal.de\/\" \/>\n<meta property=\"og:site_name\" content=\"Gesetzgebungsportal\" \/>\n<meta property=\"article:modified_time\" content=\"2026-01-05T14:06:07+00:00\" \/>\n<meta name=\"twitter:card\" content=\"summary_large_image\" \/>\n<meta name=\"twitter:label1\" content=\"Gesch\u00e4tzte Lesezeit\" \/>\n\t<meta name=\"twitter:data1\" content=\"1\u00a0Minute\" \/>\n<script type=\"application\/ld+json\" class=\"yoast-schema-graph\">{\"@context\":\"https:\/\/schema.org\",\"@graph\":[{\"@type\":\"WebPage\",\"@id\":\"https:\/\/gesetzgebungsportal.de\/\",\"url\":\"https:\/\/gesetzgebungsportal.de\/\",\"name\":\"apLex Gesetzgebung Bundestag Gesetzgebungsportal %\",\"isPartOf\":{\"@id\":\"https:\/\/gesetzgebungsportal.de\/#website\"},\"datePublished\":\"2025-05-29T11:30:15+00:00\",\"dateModified\":\"2026-01-05T14:06:07+00:00\",\"description\":\"apLex erm\u00f6glicht den Vergleich von konsolidierten Normen eines Gesetzentwurfes des deutschen Bundestags oder Bundesrates mit dem geltenden Recht im aktuellen Gesetzgebungsverfahren.\",\"breadcrumb\":{\"@id\":\"https:\/\/gesetzgebungsportal.de\/#breadcrumb\"},\"inLanguage\":\"de\",\"potentialAction\":[{\"@type\":\"ReadAction\",\"target\":[\"https:\/\/gesetzgebungsportal.de\/\"]}]},{\"@type\":\"BreadcrumbList\",\"@id\":\"https:\/\/gesetzgebungsportal.de\/#breadcrumb\",\"itemListElement\":[{\"@type\":\"ListItem\",\"position\":1,\"name\":\"Startseite\",\"item\":\"https:\/\/gesetzgebungsportal.de\/\"},{\"@type\":\"ListItem\",\"position\":2,\"name\":\"apLex\"}]},{\"@type\":\"WebSite\",\"@id\":\"https:\/\/gesetzgebungsportal.de\/#website\",\"url\":\"https:\/\/gesetzgebungsportal.de\/\",\"name\":\"apLex Gesetzgebungsportal f\u00fcr transparente Gesetzgebungsvorhaben\",\"description\":\"apLex - Transparenz bei Gesetzgebungsvorhaben des Bundestages und Bundesrates\",\"publisher\":{\"@id\":\"https:\/\/gesetzgebungsportal.de\/#organization\"},\"potentialAction\":[{\"@type\":\"SearchAction\",\"target\":{\"@type\":\"EntryPoint\",\"urlTemplate\":\"https:\/\/gesetzgebungsportal.de\/?s={search_term_string}\"},\"query-input\":{\"@type\":\"PropertyValueSpecification\",\"valueRequired\":true,\"valueName\":\"search_term_string\"}}],\"inLanguage\":\"de\"},{\"@type\":\"Organization\",\"@id\":\"https:\/\/gesetzgebungsportal.de\/#organization\",\"name\":\"Klausch AutoPublish GbR\",\"alternateName\":\"AutoPublish\",\"url\":\"https:\/\/gesetzgebungsportal.de\/\",\"logo\":{\"@type\":\"ImageObject\",\"inLanguage\":\"de\",\"@id\":\"https:\/\/gesetzgebungsportal.de\/#\/schema\/logo\/image\/\",\"url\":\"https:\/\/gesetzgebungsportal.de\/wordpress\/wp-content\/uploads\/2025\/05\/apLex_1024.png\",\"contentUrl\":\"https:\/\/gesetzgebungsportal.de\/wordpress\/wp-content\/uploads\/2025\/05\/apLex_1024.png\",\"width\":1024,\"height\":1024,\"caption\":\"Klausch AutoPublish GbR\"},\"image\":{\"@id\":\"https:\/\/gesetzgebungsportal.de\/#\/schema\/logo\/image\/\"}}]}<\/script>\n<!-- \/ Yoast SEO plugin. -->","yoast_head_json":{"title":"apLex Gesetzgebung Bundestag Gesetzgebungsportal %","description":"apLex erm\u00f6glicht den Vergleich von konsolidierten Normen eines Gesetzentwurfes des deutschen Bundestags oder Bundesrates mit dem geltenden Recht im aktuellen Gesetzgebungsverfahren.","robots":{"index":"noindex","follow":"follow","max-snippet":"max-snippet:-1","max-image-preview":"max-image-preview:large","max-video-preview":"max-video-preview:-1"},"og_locale":"de_DE","og_type":"article","og_title":"apLex Gesetzgebung Bundestag Gesetzgebungsportal %","og_description":"apLex erm\u00f6glicht den Vergleich von konsolidierten Normen eines Gesetzentwurfes des deutschen Bundestags oder Bundesrates mit dem geltenden Recht im aktuellen Gesetzgebungsverfahren.","og_url":"https:\/\/gesetzgebungsportal.de\/","og_site_name":"Gesetzgebungsportal","article_modified_time":"2026-01-05T14:06:07+00:00","twitter_card":"summary_large_image","twitter_misc":{"Gesch\u00e4tzte Lesezeit":"1\u00a0Minute"},"schema":{"@context":"https:\/\/schema.org","@graph":[{"@type":"WebPage","@id":"https:\/\/gesetzgebungsportal.de\/","url":"https:\/\/gesetzgebungsportal.de\/","name":"apLex Gesetzgebung Bundestag Gesetzgebungsportal %","isPartOf":{"@id":"https:\/\/gesetzgebungsportal.de\/#website"},"datePublished":"2025-05-29T11:30:15+00:00","dateModified":"2026-01-05T14:06:07+00:00","description":"apLex erm\u00f6glicht den Vergleich von konsolidierten Normen eines Gesetzentwurfes des deutschen Bundestags oder Bundesrates mit dem geltenden Recht im aktuellen Gesetzgebungsverfahren.","breadcrumb":{"@id":"https:\/\/gesetzgebungsportal.de\/#breadcrumb"},"inLanguage":"de","potentialAction":[{"@type":"ReadAction","target":["https:\/\/gesetzgebungsportal.de\/"]}]},{"@type":"BreadcrumbList","@id":"https:\/\/gesetzgebungsportal.de\/#breadcrumb","itemListElement":[{"@type":"ListItem","position":1,"name":"Startseite","item":"https:\/\/gesetzgebungsportal.de\/"},{"@type":"ListItem","position":2,"name":"apLex"}]},{"@type":"WebSite","@id":"https:\/\/gesetzgebungsportal.de\/#website","url":"https:\/\/gesetzgebungsportal.de\/","name":"apLex Gesetzgebungsportal f\u00fcr transparente Gesetzgebungsvorhaben","description":"apLex - Transparenz bei Gesetzgebungsvorhaben des Bundestages und Bundesrates","publisher":{"@id":"https:\/\/gesetzgebungsportal.de\/#organization"},"potentialAction":[{"@type":"SearchAction","target":{"@type":"EntryPoint","urlTemplate":"https:\/\/gesetzgebungsportal.de\/?s={search_term_string}"},"query-input":{"@type":"PropertyValueSpecification","valueRequired":true,"valueName":"search_term_string"}}],"inLanguage":"de"},{"@type":"Organization","@id":"https:\/\/gesetzgebungsportal.de\/#organization","name":"Klausch AutoPublish GbR","alternateName":"AutoPublish","url":"https:\/\/gesetzgebungsportal.de\/","logo":{"@type":"ImageObject","inLanguage":"de","@id":"https:\/\/gesetzgebungsportal.de\/#\/schema\/logo\/image\/","url":"https:\/\/gesetzgebungsportal.de\/wordpress\/wp-content\/uploads\/2025\/05\/apLex_1024.png","contentUrl":"https:\/\/gesetzgebungsportal.de\/wordpress\/wp-content\/uploads\/2025\/05\/apLex_1024.png","width":1024,"height":1024,"caption":"Klausch AutoPublish GbR"},"image":{"@id":"https:\/\/gesetzgebungsportal.de\/#\/schema\/logo\/image\/"}}]}},"_links":{"self":[{"href":"https:\/\/gesetzgebungsportal.de\/index.php\/wp-json\/wp\/v2\/pages\/17","targetHints":{"allow":["GET"]}}],"collection":[{"href":"https:\/\/gesetzgebungsportal.de\/index.php\/wp-json\/wp\/v2\/pages"}],"about":[{"href":"https:\/\/gesetzgebungsportal.de\/index.php\/wp-json\/wp\/v2\/types\/page"}],"author":[{"embeddable":true,"href":"https:\/\/gesetzgebungsportal.de\/index.php\/wp-json\/wp\/v2\/users\/1"}],"replies":[{"embeddable":true,"href":"https:\/\/gesetzgebungsportal.de\/index.php\/wp-json\/wp\/v2\/comments?post=17"}],"version-history":[{"count":3,"href":"https:\/\/gesetzgebungsportal.de\/index.php\/wp-json\/wp\/v2\/pages\/17\/revisions"}],"predecessor-version":[{"id":353,"href":"https:\/\/gesetzgebungsportal.de\/index.php\/wp-json\/wp\/v2\/pages\/17\/revisions\/353"}],"wp:attachment":[{"href":"https:\/\/gesetzgebungsportal.de\/index.php\/wp-json\/wp\/v2\/media?parent=17"}],"curies":[{"name":"wp","href":"https:\/\/api.w.org\/{rel}","templated":true}]}}